{"id":7252,"date":"2024-01-09T09:27:38","date_gmt":"2024-01-09T06:27:38","guid":{"rendered":"https:\/\/www.koraykir.com\/dr-koray-kir\/"},"modified":"2024-03-19T13:07:36","modified_gmt":"2024-03-19T10:07:36","slug":"dr-koray-kir","status":"publish","type":"page","link":"https:\/\/koraykir.com\/de\/dr-koray-kir\/","title":{"rendered":"\u00dcber Dr. Koray K\u0131r"},"content":{"rendered":"\t\t<div data-elementor-type=\"wp-page\" data-elementor-id=\"7252\" class=\"elementor elementor-7252 elementor-2089\">\n\t\t\t\t\t\t<section class=\"elementor-section elementor-top-section elementor-element elementor-element-748a9057 elementor-section-boxed elementor-section-height-default elementor-section-height-default tcr-bg-color-transparent\" data-id=\"748a9057\" data-element_type=\"section\">\n\t\t\t\t\t\t<div class=\"elementor-container elementor-column-gap-default\">\n\t\t\t\t\t<div class=\"elementor-column elementor-col-50 elementor-top-column elementor-element elementor-element-207b3f9 tcr-bg-color-transparent\" data-id=\"207b3f9\" data-element_type=\"column\">\n\t\t\t<div class=\"elementor-widget-wrap elementor-element-populated\">\n\t\t\t\t\t\t<div class=\"elementor-element elementor-element-33b16ac3 elementor-widget elementor-widget-image\" data-id=\"33b16ac3\" data-element_type=\"widget\" data-widget_type=\"image.default\">\n\t\t\t\t<div class=\"elementor-widget-container\">\n\t\t\t\t\t\t\t\t\t\t\t\t\t\t\t<img loading=\"lazy\" decoding=\"async\" width=\"600\" height=\"630\" src=\"https:\/\/koraykir.com\/wp-content\/uploads\/elementor\/thumbs\/dr-koray-kir-qi1t8ahdjwxp38wqhqlr7vnjb92rshr04atnaf9lzw.jpg\" title=\"RemasterDirector_1a5c03258\" alt=\"_autotone\" loading=\"lazy\" \/>\t\t\t\t\t\t\t\t\t\t\t\t\t\t\t<\/div>\n\t\t\t\t<\/div>\n\t\t\t\t\t<\/div>\n\t\t<\/div>\n\t\t\t\t<div class=\"elementor-column elementor-col-50 elementor-top-column elementor-element elementor-element-3e1957b2 tcr-bg-color-transparent\" data-id=\"3e1957b2\" data-element_type=\"column\">\n\t\t\t<div class=\"elementor-widget-wrap elementor-element-populated\">\n\t\t\t\t\t\t<div class=\"elementor-element elementor-element-7c5500b5 elementor-widget elementor-widget-tcr-custom-heading\" data-id=\"7c5500b5\" data-element_type=\"widget\" data-widget_type=\"tcr-custom-heading.default\">\n\t\t\t\t<div class=\"elementor-widget-container\">\n\t\t\t\t\t\t\t<div class=\"tcr_custom_heading_wrapper tcr-custom-heading1401070786 custom-heading-style-1 heading-alignment-left\">\r\n\t\t\t<div class=\"tcr-custom-heading-wrapper\">\r\n\t\t\t<div class=\"tcr-heading-subtitle-wrapper\">\r\n\t\t\t<h3 class=\"heading-subtitle subtitle-text-uppercase\">\r\n\t\t\t\t\u00c4STHETISCHE UND PLASTISCHE CHIRURGIE FACHARZT\t\t\t<\/h3>\r\n\t\t<\/div>\r\n\t\t\t\t<div class=\"tcr-heading-title-wrapper\">\r\n\t\t\t<h2 class=\"heading-title title-text-default\">\r\n\t\t\t\tDr. Koray K\u0131r\t\t\t<\/h2>\r\n\t\t<\/div>\r\n\t\t<\/div>\r\n\t\t<\/div>\r\n\t\t\t\t\t\t<\/div>\n\t\t\t\t<\/div>\n\t\t\t\t<div class=\"elementor-element elementor-element-98648b8 elementor-widget elementor-widget-text-editor\" data-id=\"98648b8\" data-element_type=\"widget\" data-widget_type=\"text-editor.default\">\n\t\t\t\t<div class=\"elementor-widget-container\">\n\t\t\t\t\t\t\t\t\t<p class=\"p1\">Dr. <a href=\"https:\/\/koraykir.com\/de\/\">Koray K\u0131r<\/a> begann seine akademische Laufbahn nach seinem Abschluss an der Istanbul Adnan Menderes Anatolian High School im Jahr 1997. Er schloss sofort sein Medizinstudium an der Medizinischen Fakult\u00e4t der Trakya-Universit\u00e4t zwischen 1997 und 2003 ab. Sein Interesse an der Chirurgie war w\u00e4hrend seiner Universit\u00e4tsjahre immer intensiv, und die plastische Chirurgie wurde sein Ziel. Mit Fokus auf die Facharztausbildung w\u00e4hlte er ausschlie\u00dflich chirurgische Fachbereiche in der Facharztpr\u00fcfung. Zwischen 2005 und 2011 absolvierte er seine Facharztausbildung in Plastischer, Rekonstruktiver und \u00c4sthetischer Chirurgie an derselben Universit\u00e4t und festigte dabei sein tiefgreifendes Wissen. Nach der Facharztausbildung leistete er seinen obligatorischen Dienst am K\u0131rklareli State Hospital von 2011 bis 2013.<\/p><p class=\"p1\">Seine berufliche Erfahrung setzte Dr. K\u0131r zwischen 2015 und 2016 im Bah\u00e7elievler Medicana Hospital fort, bevor er im Oktober 2016 mit der Betreuung seiner Patienten in seiner privaten Klinik in Istanbul Atak\u00f6y begann. Seine Leistungen in Plastischer, Rekonstruktiver und \u00c4sthetischer Chirurgie umfassen Wundversorgung, Hautkrebsbehandlung, Handchirurgie, Behandlung von Verbrennungen, Reparatur von Haut- und Weichteildefekten, Behandlung von Gesichtsfrakturen und \u00e4sthetische Operationen. Dr. K\u0131r ist haupts\u00e4chlich bekannt f\u00fcr seine Expertise in Rhinoplastik, Brustchirurgie und Haartransplantation, wobei er Operationen in diesen Bereichen zu den am h\u00e4ufigsten durchgef\u00fchrten Eingriffen z\u00e4hlt.<\/p>\t\t\t\t\t\t\t\t<\/div>\n\t\t\t\t<\/div>\n\t\t\t\t<section class=\"elementor-section elementor-inner-section elementor-element elementor-element-b3032ef elementor-section-boxed elementor-section-height-default elementor-section-height-default tcr-bg-color-transparent\" data-id=\"b3032ef\" data-element_type=\"section\">\n\t\t\t\t\t\t<div class=\"elementor-container elementor-column-gap-default\">\n\t\t\t\t\t<div class=\"elementor-column elementor-col-100 elementor-inner-column elementor-element elementor-element-5f89127 tcr-bg-color-transparent\" data-id=\"5f89127\" data-element_type=\"column\">\n\t\t\t<div class=\"elementor-widget-wrap elementor-element-populated\">\n\t\t\t\t\t\t<div class=\"elementor-element elementor-element-ee0d49e elementor-widget elementor-widget-tcr-infobox\" data-id=\"ee0d49e\" data-element_type=\"widget\" data-widget_type=\"tcr-infobox.default\">\n\t\t\t\t<div class=\"elementor-widget-container\">\n\t\t\t\t\t\t\t<div class=\"tcr-elementor-widgettcr_infobox_wrapper infobox-style-4 tcr-infobox1773422997 icon-type-font\">\r\n\t\t\t<div class=\"tcr-infobox-wrapper\">\r\n\t\t\t\t<div class=\"tcr-infobox-icon\"><i aria-hidden=\"true\" class=\"flaticon flaticon-phone-call\"><\/i><\/div>\r\n\t\t\t\t<div class=\"tcr-infobox-content\">\r\n\t\t\t\t\t<h5 class=\"tcr-infobox-title\">+90 (536) 983-8496<\/h5>\r\n\t\t\t\t\t\t<div class=\"tcr-infobox-text\">F\u00fcr Informationen und Terminanfragen<\/div>\r\n\t\t\t\t<\/div>\r\n<\/div>\r\n\t\t<\/div>\r\n\t\t\t\t\t\t<\/div>\n\t\t\t\t<\/div>\n\t\t\t\t\t<\/div>\n\t\t<\/div>\n\t\t\t\t\t<\/div>\n\t\t<\/section>\n\t\t\t\t\t<\/div>\n\t\t<\/div>\n\t\t\t\t\t<\/div>\n\t\t<\/section>\n\t\t\t\t<section class=\"elementor-section elementor-top-section elementor-element elementor-element-7d86b034 elementor-section-stretched tcr-bg-color-primary elementor-section-boxed elementor-section-height-default elementor-section-height-default\" data-id=\"7d86b034\" data-element_type=\"section\" data-settings=\"{&quot;stretch_section&quot;:&quot;section-stretched&quot;}\">\n\t\t\t\t\t\t<div class=\"elementor-container elementor-column-gap-default\">\n\t\t\t\t\t<div class=\"elementor-column elementor-col-25 elementor-top-column elementor-element elementor-element-6f2e539 tcr-bg-color-transparent\" data-id=\"6f2e539\" data-element_type=\"column\">\n\t\t\t<div class=\"elementor-widget-wrap elementor-element-populated\">\n\t\t\t\t\t\t<div class=\"elementor-element elementor-element-3b4101b3 elementor-widget elementor-widget-tcr-counter\" data-id=\"3b4101b3\" data-element_type=\"widget\" data-widget_type=\"tcr-counter.default\">\n\t\t\t\t<div class=\"elementor-widget-container\">\n\t\t\t\t\t\t\t<div class=\"tcr_counter_wrapper tcr-counter-2103565812 counter-style-1\">\r\n\t\t\t\t<div class=\"tcr-counter-wrapper\">\r\n\t\t\t\t\t\t\t<div class=\"tcr-counter-icon\"><i aria-hidden=\"true\" class=\"flaticon flaticon-volunteer\"><\/i><\/div>\r\n\t\t\t\t\t\t\t<div class=\"tcr-counter-content-container\">\r\n\t\t\t<div class=\"tcr-counter-number\">20<\/div>\r\n\t\t\t\t\t\t\t<div class=\"tcr-counter-title\">TEAM<\/div>\r\n\t\t\t\t\t\t<\/div>\r\n\t<\/div>\r\n\t\t\t<\/div>\r\n\t\t\t\t\t\t<\/div>\n\t\t\t\t<\/div>\n\t\t\t\t\t<\/div>\n\t\t<\/div>\n\t\t\t\t<div class=\"elementor-column elementor-col-25 elementor-top-column elementor-element elementor-element-58fc72e4 tcr-bg-color-transparent\" data-id=\"58fc72e4\" data-element_type=\"column\">\n\t\t\t<div class=\"elementor-widget-wrap elementor-element-populated\">\n\t\t\t\t\t\t<div class=\"elementor-element elementor-element-ae98203 elementor-widget elementor-widget-tcr-counter\" data-id=\"ae98203\" data-element_type=\"widget\" data-widget_type=\"tcr-counter.default\">\n\t\t\t\t<div class=\"elementor-widget-container\">\n\t\t\t\t\t\t\t<div class=\"tcr_counter_wrapper tcr-counter-2104884962 counter-style-1\">\r\n\t\t\t\t<div class=\"tcr-counter-wrapper\">\r\n\t\t\t\t\t\t\t<div class=\"tcr-counter-icon\"><i aria-hidden=\"true\" class=\"flaticon flaticon-healthcare\"><\/i><\/div>\r\n\t\t\t\t\t\t\t<div class=\"tcr-counter-content-container\">\r\n\t\t\t<div class=\"tcr-counter-number\">1500<\/div>\r\n\t\t\t\t\t\t\t<div class=\"tcr-counter-title\">ZUFRIEDENE PATIENTEN<\/div>\r\n\t\t\t\t\t\t<\/div>\r\n\t<\/div>\r\n\t\t\t<\/div>\r\n\t\t\t\t\t\t<\/div>\n\t\t\t\t<\/div>\n\t\t\t\t\t<\/div>\n\t\t<\/div>\n\t\t\t\t<div class=\"elementor-column elementor-col-25 elementor-top-column elementor-element elementor-element-504519fd tcr-bg-color-transparent\" data-id=\"504519fd\" data-element_type=\"column\">\n\t\t\t<div class=\"elementor-widget-wrap elementor-element-populated\">\n\t\t\t\t\t\t<div class=\"elementor-element elementor-element-26da1d43 elementor-widget elementor-widget-tcr-counter\" data-id=\"26da1d43\" data-element_type=\"widget\" data-widget_type=\"tcr-counter.default\">\n\t\t\t\t<div class=\"elementor-widget-container\">\n\t\t\t\t\t\t\t<div class=\"tcr_counter_wrapper tcr-counter-416138713 counter-style-1\">\r\n\t\t\t\t<div class=\"tcr-counter-wrapper\">\r\n\t\t\t\t\t\t\t<div class=\"tcr-counter-icon\"><i aria-hidden=\"true\" class=\"flaticon flaticon-thermometer\"><\/i><\/div>\r\n\t\t\t\t\t\t\t<div class=\"tcr-counter-content-container\">\r\n\t\t\t<div class=\"tcr-counter-number\">27<\/div>\r\n\t\t\t\t\t\t\t<div class=\"tcr-counter-title\">JAHRE DER ERFAHRUNG<\/div>\r\n\t\t\t\t\t\t<\/div>\r\n\t<\/div>\r\n\t\t\t<\/div>\r\n\t\t\t\t\t\t<\/div>\n\t\t\t\t<\/div>\n\t\t\t\t\t<\/div>\n\t\t<\/div>\n\t\t\t\t<div class=\"elementor-column elementor-col-25 elementor-top-column elementor-element elementor-element-63d0f313 tcr-bg-color-transparent\" data-id=\"63d0f313\" data-element_type=\"column\">\n\t\t\t<div class=\"elementor-widget-wrap elementor-element-populated\">\n\t\t\t\t\t\t<div class=\"elementor-element elementor-element-6d111cb4 elementor-widget elementor-widget-tcr-counter\" data-id=\"6d111cb4\" data-element_type=\"widget\" data-widget_type=\"tcr-counter.default\">\n\t\t\t\t<div class=\"elementor-widget-container\">\n\t\t\t\t\t\t\t<div class=\"tcr_counter_wrapper tcr-counter-1893014634 counter-style-1\">\r\n\t\t\t\t<div class=\"tcr-counter-wrapper\">\r\n\t\t\t\t\t\t\t<div class=\"tcr-counter-icon\"><i aria-hidden=\"true\" class=\"flaticon flaticon-medical-1\"><\/i><\/div>\r\n\t\t\t\t\t\t\t<div class=\"tcr-counter-content-container\">\r\n\t\t\t<div class=\"tcr-counter-number\">4000<\/div>\r\n\t\t\t\t\t\t\t<div class=\"tcr-counter-title\">ERFOLGREICHE OPERATIONEN<\/div>\r\n\t\t\t\t\t\t<\/div>\r\n\t<\/div>\r\n\t\t\t<\/div>\r\n\t\t\t\t\t\t<\/div>\n\t\t\t\t<\/div>\n\t\t\t\t\t<\/div>\n\t\t<\/div>\n\t\t\t\t\t<\/div>\n\t\t<\/section>\n\t\t\t\t<\/div>\n\t\t","protected":false},"excerpt":{"rendered":"<p>\u00c4STHETISCHE UND PLASTISCHE CHIRURGIE FACHARZT Dr. Koray K\u0131r Dr. Koray K\u0131r begann seine akademische Laufbahn nach seinem Abschluss an der Istanbul Adnan Menderes Anatolian High School im Jahr 1997. Er schloss sofort sein Medizinstudium an der Medizinischen Fakult\u00e4t der Trakya-Universit\u00e4t zwischen 1997 und 2003 ab. Sein Interesse an der Chirurgie war w\u00e4hrend seiner Universit\u00e4tsjahre immer [&hellip;]<\/p>\n","protected":false},"author":1,"featured_media":0,"parent":0,"menu_order":0,"comment_status":"closed","ping_status":"closed","template":"elementor_header_footer","meta":{"footnotes":""},"class_list":["post-7252","page","type-page","status-publish","hentry","without-image"],"_links":{"self":[{"href":"https:\/\/koraykir.com\/de\/wp-json\/wp\/v2\/pages\/7252","targetHints":{"allow":["GET"]}}],"collection":[{"href":"https:\/\/koraykir.com\/de\/wp-json\/wp\/v2\/pages"}],"about":[{"href":"https:\/\/koraykir.com\/de\/wp-json\/wp\/v2\/types\/page"}],"author":[{"embeddable":true,"href":"https:\/\/koraykir.com\/de\/wp-json\/wp\/v2\/users\/1"}],"replies":[{"embeddable":true,"href":"https:\/\/koraykir.com\/de\/wp-json\/wp\/v2\/comments?post=7252"}],"version-history":[{"count":1,"href":"https:\/\/koraykir.com\/de\/wp-json\/wp\/v2\/pages\/7252\/revisions"}],"predecessor-version":[{"id":8306,"href":"https:\/\/koraykir.com\/de\/wp-json\/wp\/v2\/pages\/7252\/revisions\/8306"}],"wp:attachment":[{"href":"https:\/\/koraykir.com\/de\/wp-json\/wp\/v2\/media?parent=7252"}],"curies":[{"name":"wp","href":"https:\/\/api.w.org\/{rel}","templated":true}]}}