{"id":7037,"date":"2024-01-09T05:39:17","date_gmt":"2024-01-09T02:39:17","guid":{"rendered":"https:\/\/www.koraykir.com\/iletisim\/"},"modified":"2024-03-19T13:05:42","modified_gmt":"2024-03-19T10:05:42","slug":"contact","status":"publish","type":"page","link":"https:\/\/koraykir.com\/en\/contact\/","title":{"rendered":"Contact"},"content":{"rendered":"\t\t<div data-elementor-type=\"wp-page\" data-elementor-id=\"7037\" class=\"elementor elementor-7037 elementor-1990\">\n\t\t\t\t\t\t<section class=\"elementor-section elementor-top-section elementor-element elementor-element-6c7286a elementor-section-boxed elementor-section-height-default elementor-section-height-default tcr-bg-color-transparent\" data-id=\"6c7286a\" data-element_type=\"section\">\n\t\t\t\t\t\t<div class=\"elementor-container elementor-column-gap-default\">\n\t\t\t\t\t<div class=\"elementor-column elementor-col-50 elementor-top-column elementor-element elementor-element-77ac4b3b tcr-bg-color-transparent\" data-id=\"77ac4b3b\" data-element_type=\"column\">\n\t\t\t<div class=\"elementor-widget-wrap elementor-element-populated\">\n\t\t\t\t\t\t<div class=\"elementor-element elementor-element-2c904845 elementor-widget elementor-widget-tcr-custom-heading\" data-id=\"2c904845\" data-element_type=\"widget\" data-widget_type=\"tcr-custom-heading.default\">\n\t\t\t\t<div class=\"elementor-widget-container\">\n\t\t\t\t\t\t\t<div class=\"tcr_custom_heading_wrapper tcr-custom-heading1124071209 custom-heading-style-1 heading-alignment-left\">\r\n\t\t\t<div class=\"tcr-custom-heading-wrapper\">\r\n\t\t\t<div class=\"tcr-heading-title-wrapper\">\r\n\t\t\t<h2 class=\"heading-title title-text-default\">\r\n\t\t\t\tContact Us\t\t\t<\/h2>\r\n\t\t<\/div>\r\n\t\t<\/div>\r\n\t\t<\/div>\r\n\t\t\t\t\t\t<\/div>\n\t\t\t\t<\/div>\n\t\t\t\t<div class=\"elementor-element elementor-element-c527866 elementor-widget elementor-widget-tcr-infobox\" data-id=\"c527866\" data-element_type=\"widget\" data-widget_type=\"tcr-infobox.default\">\n\t\t\t\t<div class=\"elementor-widget-container\">\n\t\t\t\t\t\t\t<div class=\"tcr-elementor-widgettcr_infobox_wrapper infobox-style-4 tcr-infobox14118794 icon-type-font\">\r\n\t\t\t<div class=\"tcr-infobox-wrapper\">\r\n\t\t\t\t<div class=\"tcr-infobox-icon\"><i aria-hidden=\"true\" class=\"flaticon flaticon-phone-call\"><\/i><\/div>\r\n\t\t\t\t<div class=\"tcr-infobox-content\">\r\n\t\t\t\t\t<h5 class=\"tcr-infobox-title\">Phone<\/h5>\r\n\t\t\t\t\t\t<div class=\"tcr-infobox-text\">+90 (536) 983-8496<\/div>\r\n\t\t\t\t<\/div>\r\n<\/div>\r\n\t\t<\/div>\r\n\t\t\t\t\t\t<\/div>\n\t\t\t\t<\/div>\n\t\t\t\t<div class=\"elementor-element elementor-element-351c3e3 elementor-widget elementor-widget-tcr-infobox\" data-id=\"351c3e3\" data-element_type=\"widget\" data-widget_type=\"tcr-infobox.default\">\n\t\t\t\t<div class=\"elementor-widget-container\">\n\t\t\t\t\t\t\t<div class=\"tcr-elementor-widgettcr_infobox_wrapper infobox-style-4 tcr-infobox1454666659 icon-type-font\">\r\n\t\t\t<div class=\"tcr-infobox-wrapper\">\r\n\t\t\t\t<div class=\"tcr-infobox-icon\"><i aria-hidden=\"true\" class=\"flaticon flaticon-email\"><\/i><\/div>\r\n\t\t\t\t<div class=\"tcr-infobox-content\">\r\n\t\t\t\t\t<h5 class=\"tcr-infobox-title\">Email<\/h5>\r\n\t\t\t\t\t\t<div class=\"tcr-infobox-text\">info@koraykir.com<\/div>\r\n\t\t\t\t<\/div>\r\n<\/div>\r\n\t\t<\/div>\r\n\t\t\t\t\t\t<\/div>\n\t\t\t\t<\/div>\n\t\t\t\t<div class=\"elementor-element elementor-element-12e29f4f elementor-widget elementor-widget-tcr-infobox\" data-id=\"12e29f4f\" data-element_type=\"widget\" data-widget_type=\"tcr-infobox.default\">\n\t\t\t\t<div class=\"elementor-widget-container\">\n\t\t\t\t\t\t\t<div class=\"tcr-elementor-widgettcr_infobox_wrapper infobox-style-4 tcr-infobox976240672 icon-type-font\">\r\n\t\t\t<div class=\"tcr-infobox-wrapper\">\r\n\t\t\t\t<div class=\"tcr-infobox-icon\"><i aria-hidden=\"true\" class=\"flaticon flaticon-location\"><\/i><\/div>\r\n\t\t\t\t<div class=\"tcr-infobox-content\">\r\n\t\t\t\t\t<h5 class=\"tcr-infobox-title\">Address<\/h5>\r\n\t\t\t\t\t\t<div class=\"tcr-infobox-text\">Atak\u00f6y 7.8.9.10 K\u0131s\u0131m Mh. \u00c7oban\u00e7e\u015fme E-5 Yanyol Cd., NO:22\/2 B Blok Ofis 107 Atak\u00f6y Towers \/ \u0130stanbul \/ T\u00fcrkiye<\/div>\r\n\t\t\t\t<\/div>\r\n<\/div>\r\n\t\t<\/div>\r\n\t\t\t\t\t\t<\/div>\n\t\t\t\t<\/div>\n\t\t\t\t<div class=\"elementor-element elementor-element-71b2e3df elementor-widget elementor-widget-shortcode\" data-id=\"71b2e3df\" data-element_type=\"widget\" data-widget_type=\"shortcode.default\">\n\t\t\t\t<div class=\"elementor-widget-container\">\n\t\t\t\t\t\t\t<div class=\"elementor-shortcode\">\t\t<div class=\"social-info-wrapper\">\r\n\t\t\t<ul class=\"social-info\">\r\n\t\t\t\t\t\t\t\t<li class=\"social-icons\">\r\n\t\t\t\t\t\t<a class=\"social-icon\" target=\"_blank\" href=\"https:\/\/www.facebook.com\/OpDrKorayKir\" rel=\"nofollow\"><i class=\"fab fa-facebook-f\"><\/i><\/a>\r\n\t\t\t\t\t<\/li>\r\n\t\t\t\t\t\t\t\t\t\t<li class=\"social-icons\">\r\n\t\t\t\t\t\t<a class=\"social-icon\" target=\"_blank\" href=\"https:\/\/twitter.com\/opdrkoraykir\" rel=\"nofollow\"><i class=\"fab fa-twitter\"><\/i><\/a>\r\n\t\t\t\t\t<\/li>\r\n\t\t\t\t\t\t\t\t\t\t<li class=\"social-icons\">\r\n\t\t\t\t\t\t<a class=\"social-icon\" target=\"_blank\" href=\"https:\/\/www.instagram.com\/opdrkoraykir\" rel=\"nofollow\"><i class=\"fab fa-instagram\"><\/i><\/a>\r\n\t\t\t\t\t<\/li>\r\n\t\t\t\t\t\t\t\t<\/ul>\r\n\t\t<\/div>\r\n\t\t<\/div>\n\t\t\t\t\t\t<\/div>\n\t\t\t\t<\/div>\n\t\t\t\t\t<\/div>\n\t\t<\/div>\n\t\t\t\t<div class=\"elementor-column elementor-col-50 elementor-top-column elementor-element elementor-element-484f942b tcr-bg-color-transparent\" data-id=\"484f942b\" data-element_type=\"column\">\n\t\t\t<div class=\"elementor-widget-wrap elementor-element-populated\">\n\t\t\t\t\t\t<div class=\"elementor-element elementor-element-552f88f elementor-widget elementor-widget-shortcode\" data-id=\"552f88f\" data-element_type=\"widget\" data-widget_type=\"shortcode.default\">\n\t\t\t\t<div class=\"elementor-widget-container\">\n\t\t\t\t\t\t\t<div class=\"elementor-shortcode\">\n<div class=\"wpcf7 no-js\" id=\"wpcf7-f7036-o1\" lang=\"en-US\" dir=\"ltr\" data-wpcf7-id=\"7036\">\n<div class=\"screen-reader-response\"><p role=\"status\" aria-live=\"polite\" aria-atomic=\"true\"><\/p> <ul><\/ul><\/div>\n<form action=\"\/en\/wp-json\/wp\/v2\/pages\/7037#wpcf7-f7036-o1\" method=\"post\" class=\"wpcf7-form init\" aria-label=\"Contact form\" novalidate=\"novalidate\" data-status=\"init\">\n<div style=\"display: none;\">\n<input type=\"hidden\" name=\"_wpcf7\" value=\"7036\" \/>\n<input type=\"hidden\" name=\"_wpcf7_version\" value=\"6.0.1\" \/>\n<input type=\"hidden\" name=\"_wpcf7_locale\" value=\"en_US\" \/>\n<input type=\"hidden\" name=\"_wpcf7_unit_tag\" value=\"wpcf7-f7036-o1\" \/>\n<input type=\"hidden\" name=\"_wpcf7_container_post\" value=\"0\" \/>\n<input type=\"hidden\" name=\"_wpcf7_posted_data_hash\" value=\"\" \/>\n<\/div>\n<div class=\"contact-form-2\">\n    <div class=\"row\">\n         <div class=\"col-sm-12\">\n           <h3>Contact Form<\/h3>\n        <\/div>\n        <div class=\"col-sm-12 col-md-12\">\n           <div class=\"input-group\"><span class=\"wpcf7-form-control-wrap\" data-name=\"adsoyad\"><input size=\"40\" maxlength=\"400\" class=\"wpcf7-form-control wpcf7-text wpcf7-validates-as-required\" aria-required=\"true\" aria-invalid=\"false\" placeholder=\"Full Name *\" value=\"\" type=\"text\" name=\"adsoyad\" \/><\/span> <\/div>\n        <\/div>\n\t\t<div class=\"col-sm-12 col-md-12\">\n\t\t\t<div class=\"input-group\"><span class=\"wpcf7-form-control-wrap\" data-name=\"telefon\"><input size=\"40\" maxlength=\"400\" class=\"wpcf7-form-control wpcf7-tel wpcf7-validates-as-required wpcf7-text wpcf7-validates-as-tel\" aria-required=\"true\" aria-invalid=\"false\" placeholder=\"Phone *\" value=\"\" type=\"tel\" name=\"telefon\" \/><\/span> <\/div>\n\t\t <\/div>\n        <div class=\"col-sm-12 col-md-12\">\n           <div class=\"input-group\"><span class=\"wpcf7-form-control-wrap\" data-name=\"email\"><input size=\"40\" maxlength=\"400\" class=\"wpcf7-form-control wpcf7-email wpcf7-validates-as-required wpcf7-text wpcf7-validates-as-email\" aria-required=\"true\" aria-invalid=\"false\" placeholder=\"Email *\" value=\"\" type=\"email\" name=\"email\" \/><\/span><\/div>\n        <\/div>\n        <div class=\"col-sm-12 col-md-12\">\n           <div class=\"input-group\">\n               <span class=\"wpcf7-form-control-wrap\" data-name=\"operation\"><select class=\"wpcf7-form-control wpcf7-select wpcf7-validates-as-required\" aria-required=\"true\" aria-invalid=\"false\" name=\"operation\"><option value=\"Select Operation\">Select Operation<\/option><option value=\"Vaser Liposuction\">Vaser Liposuction<\/option><option value=\"High-Definition Liposuction\">High-Definition Liposuction<\/option><option value=\"Six Pack Liposuction\">Six Pack Liposuction<\/option><option value=\"BBL\">BBL<\/option><option value=\"Tummy Tuck\">Tummy Tuck<\/option><option value=\"Reverse Tummy Tuck\">Reverse Tummy Tuck<\/option><option value=\"Mommy Makeover\">Mommy Makeover<\/option><option value=\"J Plasma\">J Plasma<\/option><option value=\"Arm Lift\">Arm Lift<\/option><option value=\"Thigh Lift\">Thigh Lift<\/option><option value=\"Back Lift\">Back Lift<\/option><option value=\"Labioplasty\">Labioplasty<\/option><option value=\"Breast Augmentation\">Breast Augmentation<\/option><option value=\"Breast Lift and Reduction\">Breast Lift and Reduction<\/option><option value=\"Breast Implant and Lift\">Breast Implant and Lift<\/option><option value=\"Gynecomastia\">Gynecomastia<\/option><option value=\"Hair Transplantation\">Hair Transplantation<\/option><option value=\"Rhinoplasty\">Rhinoplasty<\/option><\/select><\/span>\n        <\/div>\n        <div class=\"col-sm-12 p-hide\">\n           <div class=\"input-button\"><div class=\"cf7-cf-turnstile\" style=\"margin-top: 0px; margin-bottom: -15px;\"> <div id=\"cf-turnstile-cf7-1267887219\" class=\"cf-turnstile\" data-sitekey=\"0x4AAAAAAAVpbeaH4U9MCZzo\" data-theme=\"light\" data-language=\"auto\" data-size=\"\" data-retry=\"auto\" data-retry-interval=\"1000\" data-action=\"contact-form-7\" data-appearance=\"always\"><\/div> <script>document.addEventListener(\"DOMContentLoaded\",(function(){var e=document.getElementById(\"cf-turnstile-cf7-1267887219\");e&&!e.innerHTML.trim()&&(turnstile.remove(\"#cf-turnstile-cf7-1267887219\"),turnstile.render(\"#cf-turnstile-cf7-1267887219\",{sitekey:\"0x4AAAAAAAVpbeaH4U9MCZzo\"}))}));<\/script> <br class=\"cf-turnstile-br cf-turnstile-br-cf7-1267887219\"> <style>#cf-turnstile-cf7-1267887219 { margin-left: -15px; }<\/style> <script>document.addEventListener(\"DOMContentLoaded\",function(){document.querySelectorAll('.wpcf7-form').forEach(function(e){e.addEventListener('submit',function(){if(document.getElementById('cf-turnstile-cf7-1267887219')){setTimeout(function(){turnstile.reset('#cf-turnstile-cf7-1267887219');},1000)}})})});<\/script> <\/div><br\/><input class=\"wpcf7-form-control wpcf7-submit has-spinner\" type=\"submit\" value=\"Submit\" \/><\/div>\n        <\/div>\n     <\/div>\n<\/div><p style=\"display: none !important;\" class=\"akismet-fields-container\" data-prefix=\"_wpcf7_ak_\"><label>&#916;<textarea name=\"_wpcf7_ak_hp_textarea\" cols=\"45\" rows=\"8\" maxlength=\"100\"><\/textarea><\/label><input type=\"hidden\" id=\"ak_js_1\" name=\"_wpcf7_ak_js\" value=\"122\"\/><script>document.getElementById( \"ak_js_1\" ).setAttribute( \"value\", ( new Date() ).getTime() );<\/script><\/p><div class=\"wpcf7-response-output\" aria-hidden=\"true\"><\/div>\n<\/form>\n<\/div>\n<\/div>\n\t\t\t\t\t\t<\/div>\n\t\t\t\t<\/div>\n\t\t\t\t\t<\/div>\n\t\t<\/div>\n\t\t\t\t\t<\/div>\n\t\t<\/section>\n\t\t\t\t<section class=\"elementor-section elementor-top-section elementor-element elementor-element-5998020d elementor-section-full_width elementor-section-stretched elementor-section-height-default elementor-section-height-default tcr-bg-color-transparent\" data-id=\"5998020d\" data-element_type=\"section\" data-settings=\"{&quot;stretch_section&quot;:&quot;section-stretched&quot;}\">\n\t\t\t\t\t\t<div class=\"elementor-container elementor-column-gap-no\">\n\t\t\t\t\t<div class=\"elementor-column elementor-col-100 elementor-top-column elementor-element elementor-element-3f4ca29a tcr-bg-color-transparent\" data-id=\"3f4ca29a\" data-element_type=\"column\">\n\t\t\t<div class=\"elementor-widget-wrap elementor-element-populated\">\n\t\t\t\t\t\t<div class=\"elementor-element elementor-element-49d191b9 elementor-widget elementor-widget-google_maps\" data-id=\"49d191b9\" data-element_type=\"widget\" data-widget_type=\"google_maps.default\">\n\t\t\t\t<div class=\"elementor-widget-container\">\n\t\t\t\t\t\t\t<div class=\"elementor-custom-embed\">\n\t\t\t<iframe loading=\"lazy\"\n\t\t\t\t\tsrc=\"https:\/\/maps.google.com\/maps?q=Op.%20Dr.%20Koray%20K%C4%B1r%20%C4%B0stanbul&#038;t=m&#038;z=13&#038;output=embed&#038;iwloc=near\"\n\t\t\t\t\ttitle=\"Op. Dr. Koray K\u0131r \u0130stanbul\"\n\t\t\t\t\taria-label=\"Op. Dr. Koray K\u0131r \u0130stanbul\"\n\t\t\t><\/iframe>\n\t\t<\/div>\n\t\t\t\t\t\t<\/div>\n\t\t\t\t<\/div>\n\t\t\t\t\t<\/div>\n\t\t<\/div>\n\t\t\t\t\t<\/div>\n\t\t<\/section>\n\t\t\t\t<\/div>\n\t\t","protected":false},"excerpt":{"rendered":"<p>Contact Us Phone +90 (536) 983-8496 Email info@koraykir.com Address Atak\u00f6y 7.8.9.10 K\u0131s\u0131m Mh. \u00c7oban\u00e7e\u015fme E-5 Yanyol Cd., NO:22\/2 B Blok Ofis 107 Atak\u00f6y Towers \/ \u0130stanbul \/ T\u00fcrkiye<\/p>\n","protected":false},"author":1,"featured_media":0,"parent":0,"menu_order":0,"comment_status":"closed","ping_status":"closed","template":"","meta":{"footnotes":""},"class_list":["post-7037","page","type-page","status-publish","hentry","without-image"],"_links":{"self":[{"href":"https:\/\/koraykir.com\/en\/wp-json\/wp\/v2\/pages\/7037","targetHints":{"allow":["GET"]}}],"collection":[{"href":"https:\/\/koraykir.com\/en\/wp-json\/wp\/v2\/pages"}],"about":[{"href":"https:\/\/koraykir.com\/en\/wp-json\/wp\/v2\/types\/page"}],"author":[{"embeddable":true,"href":"https:\/\/koraykir.com\/en\/wp-json\/wp\/v2\/users\/1"}],"replies":[{"embeddable":true,"href":"https:\/\/koraykir.com\/en\/wp-json\/wp\/v2\/comments?post=7037"}],"version-history":[{"count":1,"href":"https:\/\/koraykir.com\/en\/wp-json\/wp\/v2\/pages\/7037\/revisions"}],"predecessor-version":[{"id":8303,"href":"https:\/\/koraykir.com\/en\/wp-json\/wp\/v2\/pages\/7037\/revisions\/8303"}],"wp:attachment":[{"href":"https:\/\/koraykir.com\/en\/wp-json\/wp\/v2\/media?parent=7037"}],"curies":[{"name":"wp","href":"https:\/\/api.w.org\/{rel}","templated":true}]}}