{"id":7061,"date":"2023-02-17T05:28:52","date_gmt":"2023-02-17T02:28:52","guid":{"rendered":"https:\/\/www.koraykir.com\/operasyon\/"},"modified":"2024-03-19T13:06:41","modified_gmt":"2024-03-19T10:06:41","slug":"operation","status":"publish","type":"page","link":"https:\/\/koraykir.com\/en\/operation\/","title":{"rendered":"Operations"},"content":{"rendered":"\t\t<div data-elementor-type=\"wp-page\" data-elementor-id=\"7061\" class=\"elementor elementor-7061 elementor-1977\">\n\t\t\t\t\t\t<section class=\"elementor-section elementor-top-section elementor-element elementor-element-79b4e157 elementor-section-boxed elementor-section-height-default elementor-section-height-default tcr-bg-color-transparent\" data-id=\"79b4e157\" data-element_type=\"section\">\n\t\t\t\t\t\t<div class=\"elementor-container elementor-column-gap-no\">\n\t\t\t\t\t<div class=\"elementor-column elementor-col-100 elementor-top-column elementor-element elementor-element-11389859 tcr-bg-color-transparent\" data-id=\"11389859\" data-element_type=\"column\">\n\t\t\t<div class=\"elementor-widget-wrap elementor-element-populated\">\n\t\t\t\t\t\t<div class=\"elementor-element elementor-element-c34bc56 elementor-widget elementor-widget-tcr-services\" data-id=\"c34bc56\" data-element_type=\"widget\" data-widget_type=\"tcr-services.default\">\n\t\t\t\t<div class=\"elementor-widget-container\">\n\t\t\t\t\t\t\t<div class=\"tcr-elementor-widget tcr_services_wrapper services-style-2 services-layout-grid\">\r\n\t\t\t<div class=\"row\">\r\n\t\t\t<div class=\"col-xl-4 col-lg-4 col-md-6 col-sm-12\">\r\n\t\t\t<div class=\"tcr-service-wrapper\">\r\n\t\t\t<div class=\"tcr-service-image-container\">\r\n\t\t\t<img fetchpriority=\"high\" decoding=\"async\" width=\"384\" height=\"460\" src=\"https:\/\/koraykir.com\/wp-content\/uploads\/2024\/01\/vaser-liposuction-2-384x460.jpg\" alt=\"Service\">\r\n\t\t<\/div>\r\n\t\t\t<div class=\"tcr-service-content\">\r\n\t\t\t\t\t<div class='tcr-service-subtitle'>\r\n\t\t\t\tBody Operations\t\t\t<\/div>\r\n\t\t\t\t\t<div class=\"tcr-service-title\">Vaser Liposuction<\/div>\r\n\t\t\t\t\t<a class=\"tcr-services-button\" href=\"https:\/\/koraykir.com\/en\/operations\/vaser-liposuction\/\"><\/a>\r\n\t\t\t\t<\/div>\r\n<\/div>\r\n\t\t<\/div>\r\n\t\t\t\t<div class=\"col-xl-4 col-lg-4 col-md-6 col-sm-12\">\r\n\t\t\t<div class=\"tcr-service-wrapper\">\r\n\t\t\t<div class=\"tcr-service-image-container\">\r\n\t\t\t<img decoding=\"async\" width=\"384\" height=\"460\" src=\"https:\/\/koraykir.com\/wp-content\/uploads\/2024\/01\/high-definition-liposuction-3-384x460.jpg\" alt=\"Service\">\r\n\t\t<\/div>\r\n\t\t\t<div class=\"tcr-service-content\">\r\n\t\t\t\t\t<div class='tcr-service-subtitle'>\r\n\t\t\t\tBody Operations\t\t\t<\/div>\r\n\t\t\t\t\t<div class=\"tcr-service-title\">High-Definition Liposuction<\/div>\r\n\t\t\t\t\t<a class=\"tcr-services-button\" href=\"https:\/\/koraykir.com\/en\/operations\/high-definition-liposuction\/\"><\/a>\r\n\t\t\t\t<\/div>\r\n<\/div>\r\n\t\t<\/div>\r\n\t\t\t\t<div class=\"col-xl-4 col-lg-4 col-md-6 col-sm-12\">\r\n\t\t\t<div class=\"tcr-service-wrapper\">\r\n\t\t\t<div class=\"tcr-service-image-container\">\r\n\t\t\t<img decoding=\"async\" width=\"384\" height=\"460\" src=\"https:\/\/koraykir.com\/wp-content\/uploads\/2024\/01\/six-pack-liposuction-384x460.jpg\" alt=\"Service\">\r\n\t\t<\/div>\r\n\t\t\t<div class=\"tcr-service-content\">\r\n\t\t\t\t\t<div class='tcr-service-subtitle'>\r\n\t\t\t\tBody Operations\t\t\t<\/div>\r\n\t\t\t\t\t<div class=\"tcr-service-title\">Six Pack Liposuction<\/div>\r\n\t\t\t\t\t<a class=\"tcr-services-button\" href=\"https:\/\/koraykir.com\/en\/operations\/six-pack-liposuction\/\"><\/a>\r\n\t\t\t\t<\/div>\r\n<\/div>\r\n\t\t<\/div>\r\n\t\t\t\t<div class=\"col-xl-4 col-lg-4 col-md-6 col-sm-12\">\r\n\t\t\t<div class=\"tcr-service-wrapper\">\r\n\t\t\t<div class=\"tcr-service-image-container\">\r\n\t\t\t<img loading=\"lazy\" decoding=\"async\" width=\"384\" height=\"460\" src=\"https:\/\/koraykir.com\/wp-content\/uploads\/2024\/01\/bbl-1-384x460.jpg\" alt=\"Service\">\r\n\t\t<\/div>\r\n\t\t\t<div class=\"tcr-service-content\">\r\n\t\t\t\t\t<div class='tcr-service-subtitle'>\r\n\t\t\t\tBody Operations\t\t\t<\/div>\r\n\t\t\t\t\t<div class=\"tcr-service-title\">BBL<\/div>\r\n\t\t\t\t\t<a class=\"tcr-services-button\" href=\"https:\/\/koraykir.com\/en\/operations\/bbl\/\"><\/a>\r\n\t\t\t\t<\/div>\r\n<\/div>\r\n\t\t<\/div>\r\n\t\t\t\t<div class=\"col-xl-4 col-lg-4 col-md-6 col-sm-12\">\r\n\t\t\t<div class=\"tcr-service-wrapper\">\r\n\t\t\t<div class=\"tcr-service-image-container\">\r\n\t\t\t<img loading=\"lazy\" decoding=\"async\" width=\"384\" height=\"460\" src=\"https:\/\/koraykir.com\/wp-content\/uploads\/2024\/01\/karin-germe-2-384x460.jpg\" alt=\"Service\">\r\n\t\t<\/div>\r\n\t\t\t<div class=\"tcr-service-content\">\r\n\t\t\t\t\t<div class='tcr-service-subtitle'>\r\n\t\t\t\tBody Operations\t\t\t<\/div>\r\n\t\t\t\t\t<div class=\"tcr-service-title\">Tummy Tuck<\/div>\r\n\t\t\t\t\t<a class=\"tcr-services-button\" href=\"https:\/\/koraykir.com\/en\/operations\/tummy-tuck\/\"><\/a>\r\n\t\t\t\t<\/div>\r\n<\/div>\r\n\t\t<\/div>\r\n\t\t\t\t<div class=\"col-xl-4 col-lg-4 col-md-6 col-sm-12\">\r\n\t\t\t<div class=\"tcr-service-wrapper\">\r\n\t\t\t<div class=\"tcr-service-image-container\">\r\n\t\t\t<img loading=\"lazy\" decoding=\"async\" width=\"384\" height=\"460\" src=\"https:\/\/koraykir.com\/wp-content\/uploads\/2024\/01\/ters-karin-germe-1-384x460.jpg\" alt=\"Service\">\r\n\t\t<\/div>\r\n\t\t\t<div class=\"tcr-service-content\">\r\n\t\t\t\t\t<div class='tcr-service-subtitle'>\r\n\t\t\t\tBody Operations\t\t\t<\/div>\r\n\t\t\t\t\t<div class=\"tcr-service-title\">Reverse Tummy Tuck<\/div>\r\n\t\t\t\t\t<a class=\"tcr-services-button\" href=\"https:\/\/koraykir.com\/en\/operations\/reverse-tummy-tuck\/\"><\/a>\r\n\t\t\t\t<\/div>\r\n<\/div>\r\n\t\t<\/div>\r\n\t\t\t\t<div class=\"col-xl-4 col-lg-4 col-md-6 col-sm-12\">\r\n\t\t\t<div class=\"tcr-service-wrapper\">\r\n\t\t\t<div class=\"tcr-service-image-container\">\r\n\t\t\t<img loading=\"lazy\" decoding=\"async\" width=\"384\" height=\"460\" src=\"https:\/\/koraykir.com\/wp-content\/uploads\/2024\/01\/mommy-makeover-3-384x460.jpg\" alt=\"Service\">\r\n\t\t<\/div>\r\n\t\t\t<div class=\"tcr-service-content\">\r\n\t\t\t\t\t<div class='tcr-service-subtitle'>\r\n\t\t\t\tBody Operations\t\t\t<\/div>\r\n\t\t\t\t\t<div class=\"tcr-service-title\">Mommy Makeover<\/div>\r\n\t\t\t\t\t<a class=\"tcr-services-button\" href=\"https:\/\/koraykir.com\/en\/operations\/mommy-makeover\/\"><\/a>\r\n\t\t\t\t<\/div>\r\n<\/div>\r\n\t\t<\/div>\r\n\t\t\t\t<div class=\"col-xl-4 col-lg-4 col-md-6 col-sm-12\">\r\n\t\t\t<div class=\"tcr-service-wrapper\">\r\n\t\t\t<div class=\"tcr-service-image-container\">\r\n\t\t\t<img loading=\"lazy\" decoding=\"async\" width=\"384\" height=\"460\" src=\"https:\/\/koraykir.com\/wp-content\/uploads\/2024\/01\/j-plasma-1-384x460.jpg\" alt=\"Service\">\r\n\t\t<\/div>\r\n\t\t\t<div class=\"tcr-service-content\">\r\n\t\t\t\t\t<div class='tcr-service-subtitle'>\r\n\t\t\t\tBody Operations\t\t\t<\/div>\r\n\t\t\t\t\t<div class=\"tcr-service-title\">J Plasma<\/div>\r\n\t\t\t\t\t<a class=\"tcr-services-button\" href=\"https:\/\/koraykir.com\/en\/operations\/j-plasma\/\"><\/a>\r\n\t\t\t\t<\/div>\r\n<\/div>\r\n\t\t<\/div>\r\n\t\t\t\t<div class=\"col-xl-4 col-lg-4 col-md-6 col-sm-12\">\r\n\t\t\t<div class=\"tcr-service-wrapper\">\r\n\t\t\t<div class=\"tcr-service-image-container\">\r\n\t\t\t<img loading=\"lazy\" decoding=\"async\" width=\"384\" height=\"460\" src=\"https:\/\/koraykir.com\/wp-content\/uploads\/2024\/01\/kol-germe-384x460.jpg\" alt=\"Service\">\r\n\t\t<\/div>\r\n\t\t\t<div class=\"tcr-service-content\">\r\n\t\t\t\t\t<div class='tcr-service-subtitle'>\r\n\t\t\t\tBody Operations\t\t\t<\/div>\r\n\t\t\t\t\t<div class=\"tcr-service-title\">Arm Lift<\/div>\r\n\t\t\t\t\t<a class=\"tcr-services-button\" href=\"https:\/\/koraykir.com\/en\/operations\/arm-lift\/\"><\/a>\r\n\t\t\t\t<\/div>\r\n<\/div>\r\n\t\t<\/div>\r\n\t\t\t\t<div class=\"col-xl-4 col-lg-4 col-md-6 col-sm-12\">\r\n\t\t\t<div class=\"tcr-service-wrapper\">\r\n\t\t\t<div class=\"tcr-service-image-container\">\r\n\t\t\t<img loading=\"lazy\" decoding=\"async\" width=\"384\" height=\"460\" src=\"https:\/\/koraykir.com\/wp-content\/uploads\/2024\/01\/uyluk-germe-1-384x460.jpg\" alt=\"Service\">\r\n\t\t<\/div>\r\n\t\t\t<div class=\"tcr-service-content\">\r\n\t\t\t\t\t<div class='tcr-service-subtitle'>\r\n\t\t\t\tBody Operations\t\t\t<\/div>\r\n\t\t\t\t\t<div class=\"tcr-service-title\">Thigh Lift<\/div>\r\n\t\t\t\t\t<a class=\"tcr-services-button\" href=\"https:\/\/koraykir.com\/en\/operations\/thigh-lift\/\"><\/a>\r\n\t\t\t\t<\/div>\r\n<\/div>\r\n\t\t<\/div>\r\n\t\t\t\t<div class=\"col-xl-4 col-lg-4 col-md-6 col-sm-12\">\r\n\t\t\t<div class=\"tcr-service-wrapper\">\r\n\t\t\t<div class=\"tcr-service-image-container\">\r\n\t\t\t<img loading=\"lazy\" decoding=\"async\" width=\"384\" height=\"460\" src=\"https:\/\/koraykir.com\/wp-content\/uploads\/2024\/01\/sirt-germe-2-384x460.jpg\" alt=\"Service\">\r\n\t\t<\/div>\r\n\t\t\t<div class=\"tcr-service-content\">\r\n\t\t\t\t\t<div class='tcr-service-subtitle'>\r\n\t\t\t\tBody Operations\t\t\t<\/div>\r\n\t\t\t\t\t<div class=\"tcr-service-title\">Back Lift<\/div>\r\n\t\t\t\t\t<a class=\"tcr-services-button\" href=\"https:\/\/koraykir.com\/en\/operations\/back-lift\/\"><\/a>\r\n\t\t\t\t<\/div>\r\n<\/div>\r\n\t\t<\/div>\r\n\t\t\t\t<div class=\"col-xl-4 col-lg-4 col-md-6 col-sm-12\">\r\n\t\t\t<div class=\"tcr-service-wrapper\">\r\n\t\t\t<div class=\"tcr-service-image-container\">\r\n\t\t\t<img loading=\"lazy\" decoding=\"async\" width=\"384\" height=\"460\" src=\"https:\/\/koraykir.com\/wp-content\/uploads\/2024\/01\/labioplasti-2-384x460.jpg\" alt=\"Service\">\r\n\t\t<\/div>\r\n\t\t\t<div class=\"tcr-service-content\">\r\n\t\t\t\t\t<div class='tcr-service-subtitle'>\r\n\t\t\t\tBody Operations\t\t\t<\/div>\r\n\t\t\t\t\t<div class=\"tcr-service-title\">Labioplasty<\/div>\r\n\t\t\t\t\t<a class=\"tcr-services-button\" href=\"https:\/\/koraykir.com\/en\/operations\/labioplasty\/\"><\/a>\r\n\t\t\t\t<\/div>\r\n<\/div>\r\n\t\t<\/div>\r\n\t\t\t\t<div class=\"col-xl-4 col-lg-4 col-md-6 col-sm-12\">\r\n\t\t\t<div class=\"tcr-service-wrapper\">\r\n\t\t\t<div class=\"tcr-service-image-container\">\r\n\t\t\t<img loading=\"lazy\" decoding=\"async\" width=\"384\" height=\"460\" src=\"https:\/\/koraykir.com\/wp-content\/uploads\/2024\/01\/meme-protez-1-384x460.jpg\" alt=\"Service\">\r\n\t\t<\/div>\r\n\t\t\t<div class=\"tcr-service-content\">\r\n\t\t\t\t\t<div class='tcr-service-subtitle'>\r\n\t\t\t\tBreast Operations\t\t\t<\/div>\r\n\t\t\t\t\t<div class=\"tcr-service-title\">Breast Augmentation<\/div>\r\n\t\t\t\t\t<a class=\"tcr-services-button\" href=\"https:\/\/koraykir.com\/en\/operations\/breast-augmentation\/\"><\/a>\r\n\t\t\t\t<\/div>\r\n<\/div>\r\n\t\t<\/div>\r\n\t\t\t\t<div class=\"col-xl-4 col-lg-4 col-md-6 col-sm-12\">\r\n\t\t\t<div class=\"tcr-service-wrapper\">\r\n\t\t\t<div class=\"tcr-service-image-container\">\r\n\t\t\t<img loading=\"lazy\" decoding=\"async\" width=\"384\" height=\"460\" src=\"https:\/\/koraykir.com\/wp-content\/uploads\/2024\/01\/meme-diklestirme-384x460.jpg\" alt=\"Service\">\r\n\t\t<\/div>\r\n\t\t\t<div class=\"tcr-service-content\">\r\n\t\t\t\t\t<div class='tcr-service-subtitle'>\r\n\t\t\t\tBreast Operations\t\t\t<\/div>\r\n\t\t\t\t\t<div class=\"tcr-service-title\">Breast Lift and Reduction<\/div>\r\n\t\t\t\t\t<a class=\"tcr-services-button\" href=\"https:\/\/koraykir.com\/en\/operations\/breast-lift-and-reduction\/\"><\/a>\r\n\t\t\t\t<\/div>\r\n<\/div>\r\n\t\t<\/div>\r\n\t\t\t\t<div class=\"col-xl-4 col-lg-4 col-md-6 col-sm-12\">\r\n\t\t\t<div class=\"tcr-service-wrapper\">\r\n\t\t\t<div class=\"tcr-service-image-container\">\r\n\t\t\t<img loading=\"lazy\" decoding=\"async\" width=\"384\" height=\"460\" src=\"https:\/\/koraykir.com\/wp-content\/uploads\/2024\/01\/meme-protez-diklestirme-384x460.jpg\" alt=\"Service\">\r\n\t\t<\/div>\r\n\t\t\t<div class=\"tcr-service-content\">\r\n\t\t\t\t\t<div class='tcr-service-subtitle'>\r\n\t\t\t\tBreast Operations\t\t\t<\/div>\r\n\t\t\t\t\t<div class=\"tcr-service-title\">Breast Implant and Lift<\/div>\r\n\t\t\t\t\t<a class=\"tcr-services-button\" href=\"https:\/\/koraykir.com\/en\/operations\/breast-implant-and-lift\/\"><\/a>\r\n\t\t\t\t<\/div>\r\n<\/div>\r\n\t\t<\/div>\r\n\t\t\t\t<div class=\"col-xl-4 col-lg-4 col-md-6 col-sm-12\">\r\n\t\t\t<div class=\"tcr-service-wrapper\">\r\n\t\t\t<div class=\"tcr-service-image-container\">\r\n\t\t\t<img loading=\"lazy\" decoding=\"async\" width=\"384\" height=\"460\" src=\"https:\/\/koraykir.com\/wp-content\/uploads\/2024\/01\/jinekomasti-384x460.jpg\" alt=\"Service\">\r\n\t\t<\/div>\r\n\t\t\t<div class=\"tcr-service-content\">\r\n\t\t\t\t\t<div class='tcr-service-subtitle'>\r\n\t\t\t\tBreast Operations\t\t\t<\/div>\r\n\t\t\t\t\t<div class=\"tcr-service-title\">Gynecomastia<\/div>\r\n\t\t\t\t\t<a class=\"tcr-services-button\" href=\"https:\/\/koraykir.com\/en\/operations\/gynecomastia\/\"><\/a>\r\n\t\t\t\t<\/div>\r\n<\/div>\r\n\t\t<\/div>\r\n\t\t\t\t<div class=\"col-xl-4 col-lg-4 col-md-6 col-sm-12\">\r\n\t\t\t<div class=\"tcr-service-wrapper\">\r\n\t\t\t<div class=\"tcr-service-image-container\">\r\n\t\t\t<img loading=\"lazy\" decoding=\"async\" width=\"384\" height=\"460\" src=\"https:\/\/koraykir.com\/wp-content\/uploads\/2024\/01\/fue-sac-ekimi-384x460.jpg\" alt=\"Service\">\r\n\t\t<\/div>\r\n\t\t\t<div class=\"tcr-service-content\">\r\n\t\t\t\t\t<div class='tcr-service-subtitle'>\r\n\t\t\t\tHair Transplantation\t\t\t<\/div>\r\n\t\t\t\t\t<div class=\"tcr-service-title\">Hair Transplantation<\/div>\r\n\t\t\t\t\t<a class=\"tcr-services-button\" href=\"https:\/\/koraykir.com\/en\/operations\/hair-transplantation\/\"><\/a>\r\n\t\t\t\t<\/div>\r\n<\/div>\r\n\t\t<\/div>\r\n\t\t\t\t<div class=\"col-xl-4 col-lg-4 col-md-6 col-sm-12\">\r\n\t\t\t<div class=\"tcr-service-wrapper\">\r\n\t\t\t<div class=\"tcr-service-image-container\">\r\n\t\t\t<img loading=\"lazy\" decoding=\"async\" width=\"384\" height=\"460\" src=\"https:\/\/koraykir.com\/wp-content\/uploads\/2024\/01\/rinoplasti-2-1-384x460.jpg\" alt=\"Service\">\r\n\t\t<\/div>\r\n\t\t\t<div class=\"tcr-service-content\">\r\n\t\t\t\t\t<div class='tcr-service-subtitle'>\r\n\t\t\t\tFace Operations\t\t\t<\/div>\r\n\t\t\t\t\t<div class=\"tcr-service-title\">Rhinoplasty (Nose Surgery)<\/div>\r\n\t\t\t\t\t<a class=\"tcr-services-button\" href=\"https:\/\/koraykir.com\/en\/operations\/rhinoplasty-nose-surgery\/\"><\/a>\r\n\t\t\t\t<\/div>\r\n<\/div>\r\n\t\t<\/div>\r\n\t\t<\/div>\r\n\t\t<\/div>\r\n\t\t\t\t\t\t<\/div>\n\t\t\t\t<\/div>\n\t\t\t\t\t<\/div>\n\t\t<\/div>\n\t\t\t\t\t<\/div>\n\t\t<\/section>\n\t\t\t\t<\/div>\n\t\t","protected":false},"excerpt":{"rendered":"<p>V\u00fccut Operasyonlar\u0131 Vaser Liposuction V\u00fccut Operasyonlar\u0131 High-Definition Liposuction V\u00fccut Operasyonlar\u0131 Six Pack Liposuction V\u00fccut Operasyonlar\u0131 BBL V\u00fccut Operasyonlar\u0131 Kar\u0131n Germe V\u00fccut Operasyonlar\u0131 Ters Kar\u0131n Germe V\u00fccut Operasyonlar\u0131 Mommy Makeover V\u00fccut Operasyonlar\u0131 J Plazma V\u00fccut Operasyonlar\u0131 Kol Germe V\u00fccut Operasyonlar\u0131 Bacak Germe V\u00fccut Operasyonlar\u0131 S\u0131rt Germe V\u00fccut Operasyonlar\u0131 Labioplasti Meme Operasyonlar\u0131 Meme Protez Meme Operasyonlar\u0131 Meme [&hellip;]<\/p>\n","protected":false},"author":1,"featured_media":0,"parent":0,"menu_order":0,"comment_status":"closed","ping_status":"closed","template":"","meta":{"footnotes":""},"class_list":["post-7061","page","type-page","status-publish","hentry"],"_links":{"self":[{"href":"https:\/\/koraykir.com\/en\/wp-json\/wp\/v2\/pages\/7061","targetHints":{"allow":["GET"]}}],"collection":[{"href":"https:\/\/koraykir.com\/en\/wp-json\/wp\/v2\/pages"}],"about":[{"href":"https:\/\/koraykir.com\/en\/wp-json\/wp\/v2\/types\/page"}],"author":[{"embeddable":true,"href":"https:\/\/koraykir.com\/en\/wp-json\/wp\/v2\/users\/1"}],"replies":[{"embeddable":true,"href":"https:\/\/koraykir.com\/en\/wp-json\/wp\/v2\/comments?post=7061"}],"version-history":[{"count":1,"href":"https:\/\/koraykir.com\/en\/wp-json\/wp\/v2\/pages\/7061\/revisions"}],"predecessor-version":[{"id":8305,"href":"https:\/\/koraykir.com\/en\/wp-json\/wp\/v2\/pages\/7061\/revisions\/8305"}],"wp:attachment":[{"href":"https:\/\/koraykir.com\/en\/wp-json\/wp\/v2\/media?parent=7061"}],"curies":[{"name":"wp","href":"https:\/\/api.w.org\/{rel}","templated":true}]}}