{"id":7257,"date":"2024-01-09T09:27:38","date_gmt":"2024-01-09T06:27:38","guid":{"rendered":"https:\/\/www.koraykir.com\/dr-koray-kir\/"},"modified":"2024-03-19T13:10:56","modified_gmt":"2024-03-19T10:10:56","slug":"dr-koray-kir","status":"publish","type":"page","link":"https:\/\/koraykir.com\/es\/dr-koray-kir\/","title":{"rendered":"Sobre el Dr. Koray Kir"},"content":{"rendered":"\t\t<div data-elementor-type=\"wp-page\" data-elementor-id=\"7257\" class=\"elementor elementor-7257 elementor-2089\">\n\t\t\t\t\t\t<section class=\"elementor-section elementor-top-section elementor-element elementor-element-748a9057 elementor-section-boxed elementor-section-height-default elementor-section-height-default tcr-bg-color-transparent\" data-id=\"748a9057\" data-element_type=\"section\">\n\t\t\t\t\t\t<div class=\"elementor-container elementor-column-gap-default\">\n\t\t\t\t\t<div class=\"elementor-column elementor-col-50 elementor-top-column elementor-element elementor-element-207b3f9 tcr-bg-color-transparent\" data-id=\"207b3f9\" data-element_type=\"column\">\n\t\t\t<div class=\"elementor-widget-wrap elementor-element-populated\">\n\t\t\t\t\t\t<div class=\"elementor-element elementor-element-33b16ac3 elementor-widget elementor-widget-image\" data-id=\"33b16ac3\" data-element_type=\"widget\" data-widget_type=\"image.default\">\n\t\t\t\t<div class=\"elementor-widget-container\">\n\t\t\t\t\t\t\t\t\t\t\t\t\t\t\t<img loading=\"lazy\" decoding=\"async\" width=\"600\" height=\"630\" src=\"https:\/\/koraykir.com\/wp-content\/uploads\/elementor\/thumbs\/dr-koray-kir-qi1t8ahdjwxp38wqhqlr7vnjb92rshr04atnaf9lzw.jpg\" title=\"RemasterDirector_1a5c03258\" alt=\"_autotone\" loading=\"lazy\" \/>\t\t\t\t\t\t\t\t\t\t\t\t\t\t\t<\/div>\n\t\t\t\t<\/div>\n\t\t\t\t\t<\/div>\n\t\t<\/div>\n\t\t\t\t<div class=\"elementor-column elementor-col-50 elementor-top-column elementor-element elementor-element-3e1957b2 tcr-bg-color-transparent\" data-id=\"3e1957b2\" data-element_type=\"column\">\n\t\t\t<div class=\"elementor-widget-wrap elementor-element-populated\">\n\t\t\t\t\t\t<div class=\"elementor-element elementor-element-7c5500b5 elementor-widget elementor-widget-tcr-custom-heading\" data-id=\"7c5500b5\" data-element_type=\"widget\" data-widget_type=\"tcr-custom-heading.default\">\n\t\t\t\t<div class=\"elementor-widget-container\">\n\t\t\t\t\t\t\t<div class=\"tcr_custom_heading_wrapper tcr-custom-heading89238502 custom-heading-style-1 heading-alignment-left\">\r\n\t\t\t<div class=\"tcr-custom-heading-wrapper\">\r\n\t\t\t<div class=\"tcr-heading-subtitle-wrapper\">\r\n\t\t\t<h3 class=\"heading-subtitle subtitle-text-uppercase\">\r\n\t\t\t\tESPECIALISTA EN CIRUG\u00cdA EST\u00c9TICA Y PL\u00c1STICA\t\t\t<\/h3>\r\n\t\t<\/div>\r\n\t\t\t\t<div class=\"tcr-heading-title-wrapper\">\r\n\t\t\t<h2 class=\"heading-title title-text-default\">\r\n\t\t\t\tDr. Koray K\u0131r\t\t\t<\/h2>\r\n\t\t<\/div>\r\n\t\t<\/div>\r\n\t\t<\/div>\r\n\t\t\t\t\t\t<\/div>\n\t\t\t\t<\/div>\n\t\t\t\t<div class=\"elementor-element elementor-element-98648b8 elementor-widget elementor-widget-text-editor\" data-id=\"98648b8\" data-element_type=\"widget\" data-widget_type=\"text-editor.default\">\n\t\t\t\t<div class=\"elementor-widget-container\">\n\t\t\t\t\t\t\t\t\t<p class=\"p1\">El Dr. Koray K\u0131r comenz\u00f3 su carrera acad\u00e9mica despu\u00e9s de graduarse de la Escuela Secundaria Anatolia Adnan Menderes de Estambul en 1997. Inmediatamente complet\u00f3 su educaci\u00f3n m\u00e9dica en la Facultad de Medicina de la Universidad de Trakya entre 1997 y 2003. Su inter\u00e9s por la cirug\u00eda siempre fue intenso durante sus a\u00f1os universitarios, y la cirug\u00eda pl\u00e1stica se convirti\u00f3 en su objetivo. Centr\u00e1ndose en la formaci\u00f3n de especializaci\u00f3n, eligi\u00f3 exclusivamente ramas quir\u00fargicas en el Examen de Especialidad M\u00e9dica. Entre 2005 y 2011, complet\u00f3 su formaci\u00f3n de especializaci\u00f3n en Cirug\u00eda Pl\u00e1stica, Reconstructiva y Est\u00e9tica en la misma universidad, consolidando sus profundos conocimientos. Despu\u00e9s de la especializaci\u00f3n, cumpli\u00f3 su servicio obligatorio en el Hospital Estatal de K\u0131rklareli de 2011 a 2013.<\/p><p class=\"p1\">Continuando su experiencia profesional en el Hospital Bah\u00e7elievler Medicana entre 2015 y 2016, el Dr. K\u0131r comenz\u00f3 a atender a sus pacientes en su cl\u00ednica privada en Atak\u00f6y, Estambul, en octubre de 2016. Sus servicios en Cirug\u00eda Pl\u00e1stica, Reconstructiva y Est\u00e9tica incluyen cuidado de heridas, c\u00e1nceres de piel, cirug\u00eda de mano, tratamiento de quemaduras, reparaci\u00f3n de defectos en la piel y tejidos blandos, tratamiento de fracturas faciales y cirug\u00edas est\u00e9ticas. Principalmente conocido por su experiencia en rinoplastia, cirug\u00eda de mama y trasplante capilar, el Dr. K\u0131r considera que las operaciones en estas \u00e1reas est\u00e1n entre los procedimientos m\u00e1s frecuentemente realizados.<\/p>\t\t\t\t\t\t\t\t<\/div>\n\t\t\t\t<\/div>\n\t\t\t\t<section class=\"elementor-section elementor-inner-section elementor-element elementor-element-b3032ef elementor-section-boxed elementor-section-height-default elementor-section-height-default tcr-bg-color-transparent\" data-id=\"b3032ef\" data-element_type=\"section\">\n\t\t\t\t\t\t<div class=\"elementor-container elementor-column-gap-default\">\n\t\t\t\t\t<div class=\"elementor-column elementor-col-100 elementor-inner-column elementor-element elementor-element-5f89127 tcr-bg-color-transparent\" data-id=\"5f89127\" data-element_type=\"column\">\n\t\t\t<div class=\"elementor-widget-wrap elementor-element-populated\">\n\t\t\t\t\t\t<div class=\"elementor-element elementor-element-ee0d49e elementor-widget elementor-widget-tcr-infobox\" data-id=\"ee0d49e\" data-element_type=\"widget\" data-widget_type=\"tcr-infobox.default\">\n\t\t\t\t<div class=\"elementor-widget-container\">\n\t\t\t\t\t\t\t<div class=\"tcr-elementor-widgettcr_infobox_wrapper infobox-style-4 tcr-infobox2023934631 icon-type-font\">\r\n\t\t\t<div class=\"tcr-infobox-wrapper\">\r\n\t\t\t\t<div class=\"tcr-infobox-icon\"><i aria-hidden=\"true\" class=\"flaticon flaticon-phone-call\"><\/i><\/div>\r\n\t\t\t\t<div class=\"tcr-infobox-content\">\r\n\t\t\t\t\t<h5 class=\"tcr-infobox-title\">+90 (536) 983-8496<\/h5>\r\n\t\t\t\t\t\t<div class=\"tcr-infobox-text\">Para informaci\u00f3n y solicitudes de cita<\/div>\r\n\t\t\t\t<\/div>\r\n<\/div>\r\n\t\t<\/div>\r\n\t\t\t\t\t\t<\/div>\n\t\t\t\t<\/div>\n\t\t\t\t\t<\/div>\n\t\t<\/div>\n\t\t\t\t\t<\/div>\n\t\t<\/section>\n\t\t\t\t\t<\/div>\n\t\t<\/div>\n\t\t\t\t\t<\/div>\n\t\t<\/section>\n\t\t\t\t<section class=\"elementor-section elementor-top-section elementor-element elementor-element-7d86b034 elementor-section-stretched tcr-bg-color-primary elementor-section-boxed elementor-section-height-default elementor-section-height-default\" data-id=\"7d86b034\" data-element_type=\"section\" data-settings=\"{&quot;stretch_section&quot;:&quot;section-stretched&quot;}\">\n\t\t\t\t\t\t<div class=\"elementor-container elementor-column-gap-default\">\n\t\t\t\t\t<div class=\"elementor-column elementor-col-25 elementor-top-column elementor-element elementor-element-6f2e539 tcr-bg-color-transparent\" data-id=\"6f2e539\" data-element_type=\"column\">\n\t\t\t<div class=\"elementor-widget-wrap elementor-element-populated\">\n\t\t\t\t\t\t<div class=\"elementor-element elementor-element-3b4101b3 elementor-widget elementor-widget-tcr-counter\" data-id=\"3b4101b3\" data-element_type=\"widget\" data-widget_type=\"tcr-counter.default\">\n\t\t\t\t<div class=\"elementor-widget-container\">\n\t\t\t\t\t\t\t<div class=\"tcr_counter_wrapper tcr-counter-1127376124 counter-style-1\">\r\n\t\t\t\t<div class=\"tcr-counter-wrapper\">\r\n\t\t\t\t\t\t\t<div class=\"tcr-counter-icon\"><i aria-hidden=\"true\" class=\"flaticon flaticon-volunteer\"><\/i><\/div>\r\n\t\t\t\t\t\t\t<div class=\"tcr-counter-content-container\">\r\n\t\t\t<div class=\"tcr-counter-number\">20<\/div>\r\n\t\t\t\t\t\t\t<div class=\"tcr-counter-title\">EQUIPO<\/div>\r\n\t\t\t\t\t\t<\/div>\r\n\t<\/div>\r\n\t\t\t<\/div>\r\n\t\t\t\t\t\t<\/div>\n\t\t\t\t<\/div>\n\t\t\t\t\t<\/div>\n\t\t<\/div>\n\t\t\t\t<div class=\"elementor-column elementor-col-25 elementor-top-column elementor-element elementor-element-58fc72e4 tcr-bg-color-transparent\" data-id=\"58fc72e4\" data-element_type=\"column\">\n\t\t\t<div class=\"elementor-widget-wrap elementor-element-populated\">\n\t\t\t\t\t\t<div class=\"elementor-element elementor-element-ae98203 elementor-widget elementor-widget-tcr-counter\" data-id=\"ae98203\" data-element_type=\"widget\" data-widget_type=\"tcr-counter.default\">\n\t\t\t\t<div class=\"elementor-widget-container\">\n\t\t\t\t\t\t\t<div class=\"tcr_counter_wrapper tcr-counter-1842029481 counter-style-1\">\r\n\t\t\t\t<div class=\"tcr-counter-wrapper\">\r\n\t\t\t\t\t\t\t<div class=\"tcr-counter-icon\"><i aria-hidden=\"true\" class=\"flaticon flaticon-healthcare\"><\/i><\/div>\r\n\t\t\t\t\t\t\t<div class=\"tcr-counter-content-container\">\r\n\t\t\t<div class=\"tcr-counter-number\">1500<\/div>\r\n\t\t\t\t\t\t\t<div class=\"tcr-counter-title\">PACIENTES SATISFECHOS<\/div>\r\n\t\t\t\t\t\t<\/div>\r\n\t<\/div>\r\n\t\t\t<\/div>\r\n\t\t\t\t\t\t<\/div>\n\t\t\t\t<\/div>\n\t\t\t\t\t<\/div>\n\t\t<\/div>\n\t\t\t\t<div class=\"elementor-column elementor-col-25 elementor-top-column elementor-element elementor-element-504519fd tcr-bg-color-transparent\" data-id=\"504519fd\" data-element_type=\"column\">\n\t\t\t<div class=\"elementor-widget-wrap elementor-element-populated\">\n\t\t\t\t\t\t<div class=\"elementor-element elementor-element-26da1d43 elementor-widget elementor-widget-tcr-counter\" data-id=\"26da1d43\" data-element_type=\"widget\" data-widget_type=\"tcr-counter.default\">\n\t\t\t\t<div class=\"elementor-widget-container\">\n\t\t\t\t\t\t\t<div class=\"tcr_counter_wrapper tcr-counter-914307152 counter-style-1\">\r\n\t\t\t\t<div class=\"tcr-counter-wrapper\">\r\n\t\t\t\t\t\t\t<div class=\"tcr-counter-icon\"><i aria-hidden=\"true\" class=\"flaticon flaticon-thermometer\"><\/i><\/div>\r\n\t\t\t\t\t\t\t<div class=\"tcr-counter-content-container\">\r\n\t\t\t<div class=\"tcr-counter-number\">27<\/div>\r\n\t\t\t\t\t\t\t<div class=\"tcr-counter-title\">A\u00d1OS DE EXPERIENCIA<\/div>\r\n\t\t\t\t\t\t<\/div>\r\n\t<\/div>\r\n\t\t\t<\/div>\r\n\t\t\t\t\t\t<\/div>\n\t\t\t\t<\/div>\n\t\t\t\t\t<\/div>\n\t\t<\/div>\n\t\t\t\t<div class=\"elementor-column elementor-col-25 elementor-top-column elementor-element elementor-element-63d0f313 tcr-bg-color-transparent\" data-id=\"63d0f313\" data-element_type=\"column\">\n\t\t\t<div class=\"elementor-widget-wrap elementor-element-populated\">\n\t\t\t\t\t\t<div class=\"elementor-element elementor-element-6d111cb4 elementor-widget elementor-widget-tcr-counter\" data-id=\"6d111cb4\" data-element_type=\"widget\" data-widget_type=\"tcr-counter.default\">\n\t\t\t\t<div class=\"elementor-widget-container\">\n\t\t\t\t\t\t\t<div class=\"tcr_counter_wrapper tcr-counter-1280069352 counter-style-1\">\r\n\t\t\t\t<div class=\"tcr-counter-wrapper\">\r\n\t\t\t\t\t\t\t<div class=\"tcr-counter-icon\"><i aria-hidden=\"true\" class=\"flaticon flaticon-medical-1\"><\/i><\/div>\r\n\t\t\t\t\t\t\t<div class=\"tcr-counter-content-container\">\r\n\t\t\t<div class=\"tcr-counter-number\">4000<\/div>\r\n\t\t\t\t\t\t\t<div class=\"tcr-counter-title\">CIRUG\u00cdAS EXITOSAS<\/div>\r\n\t\t\t\t\t\t<\/div>\r\n\t<\/div>\r\n\t\t\t<\/div>\r\n\t\t\t\t\t\t<\/div>\n\t\t\t\t<\/div>\n\t\t\t\t\t<\/div>\n\t\t<\/div>\n\t\t\t\t\t<\/div>\n\t\t<\/section>\n\t\t\t\t<\/div>\n\t\t","protected":false},"excerpt":{"rendered":"<p>ESPECIALISTA EN CIRUG\u00cdA EST\u00c9TICA Y PL\u00c1STICA Dr. Koray K\u0131r El Dr. Koray K\u0131r comenz\u00f3 su carrera acad\u00e9mica despu\u00e9s de graduarse de la Escuela Secundaria Anatolia Adnan Menderes de Estambul en 1997. Inmediatamente complet\u00f3 su educaci\u00f3n m\u00e9dica en la Facultad de Medicina de la Universidad de Trakya entre 1997 y 2003. Su inter\u00e9s por la cirug\u00eda [&hellip;]<\/p>\n","protected":false},"author":1,"featured_media":0,"parent":0,"menu_order":0,"comment_status":"closed","ping_status":"closed","template":"elementor_header_footer","meta":{"footnotes":""},"class_list":["post-7257","page","type-page","status-publish","hentry","without-image"],"_links":{"self":[{"href":"https:\/\/koraykir.com\/es\/wp-json\/wp\/v2\/pages\/7257","targetHints":{"allow":["GET"]}}],"collection":[{"href":"https:\/\/koraykir.com\/es\/wp-json\/wp\/v2\/pages"}],"about":[{"href":"https:\/\/koraykir.com\/es\/wp-json\/wp\/v2\/types\/page"}],"author":[{"embeddable":true,"href":"https:\/\/koraykir.com\/es\/wp-json\/wp\/v2\/users\/1"}],"replies":[{"embeddable":true,"href":"https:\/\/koraykir.com\/es\/wp-json\/wp\/v2\/comments?post=7257"}],"version-history":[{"count":1,"href":"https:\/\/koraykir.com\/es\/wp-json\/wp\/v2\/pages\/7257\/revisions"}],"predecessor-version":[{"id":8311,"href":"https:\/\/koraykir.com\/es\/wp-json\/wp\/v2\/pages\/7257\/revisions\/8311"}],"wp:attachment":[{"href":"https:\/\/koraykir.com\/es\/wp-json\/wp\/v2\/media?parent=7257"}],"curies":[{"name":"wp","href":"https:\/\/api.w.org\/{rel}","templated":true}]}}